{"id":181792,"date":"2019-11-28T14:07:19","date_gmt":"2019-11-28T14:07:19","guid":{"rendered":"http:\/\/www.pk-vision.ch\/?page_id=181792"},"modified":"2023-03-14T15:19:24","modified_gmt":"2023-03-14T15:19:24","slug":"ohne-titel","status":"publish","type":"page","link":"https:\/\/www.pk-vision.ch\/","title":{"rendered":"Ohne Titel"},"content":{"rendered":"<table style=\"border-collapse: collapse; width: 100%;\">\r\n<tbody>\r\n<tr>\r\n<td style=\"width: 50%;\">\r\n<h5><span style=\"color: #000000;\">Willkommen<\/span><\/h5>\r\n<\/td>\r\n<td style=\"width: 50%;\"><a href=\"https:\/\/www.pk-vision.ch\/?page_id=427\"><img loading=\"lazy\" decoding=\"async\" class=\"alignnone  wp-image-342103\" src=\"http:\/\/www.pk-vision.ch\/wp-content\/uploads\/Rosttisch-Brille-scaled-150x150.jpg\" alt=\"\" width=\"156\" height=\"156\" srcset=\"https:\/\/www.pk-vision.ch\/wp-content\/uploads\/Rosttisch-Brille-scaled-150x150.jpg 150w, https:\/\/www.pk-vision.ch\/wp-content\/uploads\/Rosttisch-Brille-scaled-300x300.jpg 300w, https:\/\/www.pk-vision.ch\/wp-content\/uploads\/Rosttisch-Brille-scaled-100x100.jpg 100w\" sizes=\"auto, (max-width: 156px) 100vw, 156px\" \/> Ansichten<\/a><\/td>\r\n<\/tr>\r\n<tr>\r\n<td style=\"width: 50%;\"><span style=\"color: #000000;\"><a style=\"font-size: 14px; font-weight: 400;\" href=\"https:\/\/www.pk-vision.ch\/?page_id=615\"><img loading=\"lazy\" decoding=\"async\" class=\"alignnone size-thumbnail wp-image-342106\" src=\"http:\/\/www.pk-vision.ch\/wp-content\/uploads\/Ankenballen-Blatt_auf_Moos-100x100.jpg\" alt=\"\" width=\"150\" height=\"150\" srcset=\"https:\/\/www.pk-vision.ch\/wp-content\/uploads\/Ankenballen-Blatt_auf_Moos-100x100.jpg 100w, https:\/\/www.pk-vision.ch\/wp-content\/uploads\/Ankenballen-Blatt_auf_Moos-150x150.jpg 150w, https:\/\/www.pk-vision.ch\/wp-content\/uploads\/Ankenballen-Blatt_auf_Moos-300x300.jpg 300w\" sizes=\"auto, (max-width: 150px) 100vw, 150px\" \/> <\/a><span style=\"color: #1e7512; font-size: 14px; font-weight: 400;\">Natur<\/span><\/span><\/td>\r\n<td style=\"width: 50%;\"><a href=\"https:\/\/www.pk-vision.ch\/?product_cat=natur-technik\"><img loading=\"lazy\" decoding=\"async\" class=\"alignnone size-thumbnail wp-image-342144\" src=\"http:\/\/www.pk-vision.ch\/wp-content\/uploads\/NaturTechnik8-scaled-150x150.jpg\" alt=\"\" width=\"150\" height=\"150\" srcset=\"https:\/\/www.pk-vision.ch\/wp-content\/uploads\/NaturTechnik8-scaled-150x150.jpg 150w, https:\/\/www.pk-vision.ch\/wp-content\/uploads\/NaturTechnik8-scaled-300x300.jpg 300w, https:\/\/www.pk-vision.ch\/wp-content\/uploads\/NaturTechnik8-scaled-100x100.jpg 100w\" sizes=\"auto, (max-width: 150px) 100vw, 150px\" \/><\/a> Natur &amp; Technik<\/td>\r\n<\/tr>\r\n<tr>\r\n<td style=\"width: 50%;\"><span style=\"color: #000000;\"><a style=\"font-size: 14px; font-weight: 400;\" href=\"https:\/\/www.pk-vision.ch\/?page_id=979\"><img loading=\"lazy\" decoding=\"async\" class=\"alignnone size-thumbnail wp-image-342246\" src=\"http:\/\/www.pk-vision.ch\/wp-content\/uploads\/Autofriedhof-21-150x150.jpg\" alt=\"\" width=\"150\" height=\"150\" srcset=\"https:\/\/www.pk-vision.ch\/wp-content\/uploads\/Autofriedhof-21-150x150.jpg 150w, https:\/\/www.pk-vision.ch\/wp-content\/uploads\/Autofriedhof-21-300x300.jpg 300w, https:\/\/www.pk-vision.ch\/wp-content\/uploads\/Autofriedhof-21-100x100.jpg 100w\" sizes=\"auto, (max-width: 150px) 100vw, 150px\" \/><\/a><\/span> Technik<\/td>\r\n<td style=\"width: 50%;\"><a href=\"https:\/\/www.pk-vision.ch\/?page_id=6\"><img loading=\"lazy\" decoding=\"async\" class=\"alignnone size-thumbnail wp-image-341963\" src=\"http:\/\/www.pk-vision.ch\/wp-content\/uploads\/Stadtmauer-St_Alban_Tal1-150x150.jpg\" alt=\"\" width=\"150\" height=\"150\" srcset=\"https:\/\/www.pk-vision.ch\/wp-content\/uploads\/Stadtmauer-St_Alban_Tal1-150x150.jpg 150w, https:\/\/www.pk-vision.ch\/wp-content\/uploads\/Stadtmauer-St_Alban_Tal1-300x300.jpg 300w, https:\/\/www.pk-vision.ch\/wp-content\/uploads\/Stadtmauer-St_Alban_Tal1-100x100.jpg 100w\" sizes=\"auto, (max-width: 150px) 100vw, 150px\" \/><\/a> Basel<\/td>\r\n<\/tr>\r\n<\/tbody>\r\n<\/table>\r\n<table class=\" alignleft\" style=\"width: 92.7458%; height: 591px;\" width=\"100%\">\r\n<tbody>\r\n<tr style=\"height: 335px;\">\r\n<td style=\"width: 40%; height: 312px;\" valign=\"top\" width=\"40%\"><img loading=\"lazy\" decoding=\"async\" class=\"wp-image-112 alignright\" src=\"\/wp-content\/uploads\/2015\/11\/von-Pablo-im-Val-de-Travers-am-31.8.2013-1-.jpg\" alt=\"Willkommen\" width=\"362\" height=\"306\" \/><\/td>\r\n<td style=\"width: 72.505%; text-align: left; vertical-align: top; height: 312px;\" valign=\"top\" width=\"60%\">\r\n<p>Angefangen hat es in meiner Kindheit, damals lag in einem sch\u00f6nen Lederetui bei uns zu Hause eine \u201eYashima Flex\u201c herum. Die Technik der alten Kamera war f\u00fcr mich genau so faszinierend, wie die M\u00f6glichkeit im Sucher Bilder (die auf dem Kopf dargestellt waren) zu fixieren. Eine Kodak INSTAMATIC war dann Anfang der 70er Jahre meine erste eigene Kamera, aber Filme waren teuer und ich habe mehr \u00ab\u201aleer\u00bb als \u00abrichtig\u00bb fotografiert. Die erste Spiegelreflex-Kamera war dann eine Minolta XE. Noch in der Schule besuchte ich einen Fotokurs. Nebenbei hatte der Kursleiter einmal\u00a0 erw\u00e4hnt, dass es wichtig sei, ein Objekt immer von allen Seiten anzuschauen, bevor man abdr\u00fcckt. Speziell das habe ich mir gemerkt und auch heute noch suche ich die ungew\u00f6hnliche Perspektive und das richtige Licht. 2007 wechselte ich mit einer ausgeliehenen Konica\/Minolta zur digitalen Fotografie, um ein Jahr sp\u00e4ter mit einer eigenen Casioa Exilim EX-P700 fortzufahren. Heute Arbeite ich als Nikon Professional <img decoding=\"async\" class=\"alignnone wp-image-112\" src=\"\/wp-content\/uploads\/NPS.jpg\" width=\"100\" \/> (NPS)-Fotograf ausschliesslich mit Nikon Produkten.<\/p>\r\n<p>&nbsp;<\/p>\r\n<p>Ich konzentriere mich auf spezielle Ansichten, Detailaufnahmen, den Mix von Natur und Technik und Basler-und Naturbilder. Meine Fotos spielen oft mit dem Licht und ich \u00fcberrasche gerne das Auge des Betrachters mit Spiegelungen, ungew\u00f6hnlichen Perspektiven und Verzerrungen. Meine Bilder sind meist unbearbeitet, falls doch, dann ver\u00e4ndere ich h\u00f6chsten den Fokus oder hebe einzelne Details hervor.<\/p>\r\n<\/td>\r\n<\/tr>\r\n<\/tbody>\r\n<\/table>\r\n<p>&nbsp;<\/p>\r\n<p><\/p>\r\n<p>Na<\/p> ","protected":false},"excerpt":{"rendered":"<p>Willkommen Ansichten Natur Natur &amp; Technik Technik Basel Angefangen hat es in meiner Kindheit, damals lag in einem sch\u00f6nen Lederetui bei uns zu Hause eine \u201eYashima Flex\u201c herum. Die Technik der alten Kamera war f\u00fcr mich genau so faszinierend, wie die M\u00f6glichkeit im Sucher Bilder (die auf dem Kopf dargestellt &hellip;<\/p>\n","protected":false},"author":1,"featured_media":0,"parent":0,"menu_order":0,"comment_status":"closed","ping_status":"closed","template":"","meta":{"footnotes":""},"class_list":["post-181792","page","type-page","status-publish","hentry"],"_links":{"self":[{"href":"https:\/\/www.pk-vision.ch\/index.php?rest_route=\/wp\/v2\/pages\/181792","targetHints":{"allow":["GET"]}}],"collection":[{"href":"https:\/\/www.pk-vision.ch\/index.php?rest_route=\/wp\/v2\/pages"}],"about":[{"href":"https:\/\/www.pk-vision.ch\/index.php?rest_route=\/wp\/v2\/types\/page"}],"author":[{"embeddable":true,"href":"https:\/\/www.pk-vision.ch\/index.php?rest_route=\/wp\/v2\/users\/1"}],"replies":[{"embeddable":true,"href":"https:\/\/www.pk-vision.ch\/index.php?rest_route=%2Fwp%2Fv2%2Fcomments&post=181792"}],"version-history":[{"count":62,"href":"https:\/\/www.pk-vision.ch\/index.php?rest_route=\/wp\/v2\/pages\/181792\/revisions"}],"predecessor-version":[{"id":367215,"href":"https:\/\/www.pk-vision.ch\/index.php?rest_route=\/wp\/v2\/pages\/181792\/revisions\/367215"}],"wp:attachment":[{"href":"https:\/\/www.pk-vision.ch\/index.php?rest_route=%2Fwp%2Fv2%2Fmedia&parent=181792"}],"curies":[{"name":"wp","href":"https:\/\/api.w.org\/{rel}","templated":true}]}}