{"id":2093,"date":"2015-12-05T11:26:34","date_gmt":"2015-12-05T11:26:34","guid":{"rendered":"http:\/\/www.pk-vision.ch\/?page_id=2093"},"modified":"2015-12-26T15:13:08","modified_gmt":"2015-12-26T15:13:08","slug":"business-fotografie","status":"publish","type":"page","link":"https:\/\/www.pk-vision.ch\/?page_id=2093","title":{"rendered":"Business-Fotografie"},"content":{"rendered":"<h4>Sie, Ihre Firma oder Ihr Anlass im besten Licht.<\/h4>\n<p>Was ist eine Website oder ein Flyer ohne Bilder? Die verwendeten Bilder sollten authentisch sein und die Firma im besten Licht darstellen. Besondere Bilder werten Ihren Auftritt auf. Ich mache nicht nur einfach Bilder, ich berate Sie gerne auch. Um die &#8220;richtigen&#8221; Bilder zu machen will ich Ihre Firma kennen lernen, so kann stimmen die Bilder auch f\u00fcr Sie.<br \/>\nMeist meist bin ich schon bei den ersten Besprechungen des neuen Web-Auftritts, der Konzeption f\u00fcr die neuen Drucksachen oder einfach der Gestaltung von, zum Beispiel, Mitteilungen, dabei. So weiss ich was das Team f\u00fcr Bilder braucht und kann auch im Voraus Vorschl\u00e4ge aus der Fotografensicht einbringen. Als <a href=\"http:\/\/www.kargerinfo.com\" target=\"new\">KMU-Berater<\/a> bin ich es gewohnt mitzudenken, daraus werden spezielle Bilder, die Auffallen und trotzdem zur Firma passen.<\/p>\n<p>\u2022 \u00a0Portraits von Ihnen und Ihren Mitarbeiterinnen und Mitarbeitern z.B.: f\u00fcr die Website, Flyer und Pr\u00e4sentationen<\/p>\n<p>\u2022 \u00a0Fotos vom Geb\u00e4ude, den B\u00fcros \/ Betriebsst\u00e4tten, und dem Betrieb z.B.: f\u00fcr Pr\u00e4sentationen, Flyers, Kalender usw.<\/p>\n<p>\u2022 \u00a0Bilder von Events, Firmenfeiern und \u00c4hnlichem<\/p>\n<p>Die Bildrechte bleiben in Ihrem Besitz als Kunde.<br \/>\nKosten nach Absprache.<\/p>\n<p><a href=\"\/wp-content\/uploads\/Preise.pdf\" target=\"new\">Preisliste (40 KB)<\/a><\/p>\n<p>Literaturhaus 8.12.2010 \u2013 Herta M\u00fcller<\/p>\n<p>[ims-gallery number=all id=ePyi7uabKEys layout=lightbox linkto=file]<\/p>\n<p>Fasnacht 2011 &#8216;Griene Hind&#8217;<\/p>\n<p>[ims-gallery number=all id=uK8xyQa8CAQH layout=lightbox linkto=file]<\/p>\n<p>GV SIG 14.5.2015<\/p>\n<p>[ims-gallery number=all id=XCtt3deTqDEZ layout=lightbox linkto=file]<\/p>\n<p>90 Jahr Jubil\u00e4um Hakoa Basel<\/p>\n<p>[ims-gallery number=all id=yvtMdXFkZJSX layout=lightbox linkto=file]<\/p>\n<p>Diverse Mitgliederversammlungen LDP-Basel<\/p>\n<p>[ims-gallery number=all id=7O2lPcxkfowE layout=lightbox linkto=file]<\/p>\n ","protected":false},"excerpt":{"rendered":"<p>Sie, Ihre Firma oder Ihr Anlass im besten Licht. Was ist eine Website oder ein Flyer ohne Bilder? Die verwendeten Bilder sollten authentisch sein und die Firma im besten Licht darstellen. Besondere Bilder werten Ihren Auftritt auf. Ich mache nicht nur einfach Bilder, ich berate Sie gerne auch. Um die &hellip;<\/p>\n","protected":false},"author":1,"featured_media":0,"parent":0,"menu_order":0,"comment_status":"closed","ping_status":"closed","template":"","meta":{"footnotes":""},"class_list":["post-2093","page","type-page","status-publish","hentry"],"_links":{"self":[{"href":"https:\/\/www.pk-vision.ch\/index.php?rest_route=\/wp\/v2\/pages\/2093","targetHints":{"allow":["GET"]}}],"collection":[{"href":"https:\/\/www.pk-vision.ch\/index.php?rest_route=\/wp\/v2\/pages"}],"about":[{"href":"https:\/\/www.pk-vision.ch\/index.php?rest_route=\/wp\/v2\/types\/page"}],"author":[{"embeddable":true,"href":"https:\/\/www.pk-vision.ch\/index.php?rest_route=\/wp\/v2\/users\/1"}],"replies":[{"embeddable":true,"href":"https:\/\/www.pk-vision.ch\/index.php?rest_route=%2Fwp%2Fv2%2Fcomments&post=2093"}],"version-history":[{"count":19,"href":"https:\/\/www.pk-vision.ch\/index.php?rest_route=\/wp\/v2\/pages\/2093\/revisions"}],"predecessor-version":[{"id":4627,"href":"https:\/\/www.pk-vision.ch\/index.php?rest_route=\/wp\/v2\/pages\/2093\/revisions\/4627"}],"wp:attachment":[{"href":"https:\/\/www.pk-vision.ch\/index.php?rest_route=%2Fwp%2Fv2%2Fmedia&parent=2093"}],"curies":[{"name":"wp","href":"https:\/\/api.w.org\/{rel}","templated":true}]}}