{"id":212643,"date":"2016-01-01T11:05:51","date_gmt":"2016-01-01T11:05:51","guid":{"rendered":"http:\/\/www.pk-vision.ch\/?post_type=product&#038;p=212643"},"modified":"2020-04-21T11:34:38","modified_gmt":"2020-04-21T11:34:38","slug":"jaakovs-auszug-der-auszug-der-juden-aus-aegypten-aus-der-sicht-von-jaakov-dem-esel","status":"publish","type":"product","link":"https:\/\/www.pk-vision.ch\/?product=jaakovs-auszug-der-auszug-der-juden-aus-aegypten-aus-der-sicht-von-jaakov-dem-esel","title":{"rendered":"Jaakovs Auszug (der Auszug der Juden aus \u00c4gypten aus der Sicht von Jaakov dem Esel)"},"content":{"rendered":"<h3>Dies ist die Vorschau des Buches (erste 10 Seiten)!<\/h3>\n<div class=\"wp-booklet-container-light wp-booklet-69e13c780cbee-container\">\r\n\t<div class=\"wp-booklet-light wp-booklet wp-booklet-69e13c780cbee\">\r\n\t\t\t\t\t<div class=\"page\" data-page=\"0\">\r\n\t\t\t\t\r\n\t\t\t\t\t\t\t\t\t\r\n\t\t\t\t\t\t\t\t\t\r\n\t\t\t\t\t\t\r\n\t\t\t\t\t\t<img decoding=\"async\" src=\"https:\/\/www.pk-vision.ch\/wp-content\/uploads\/1-982x1024.jpg\" alt=\"https:\/\/www.pk-vision.ch\/wp-content\/uploads\/1-982x1024.jpg\"\/>\r\n\t\t\t\t\t\t\r\n\t\t\t\t\r\n\t\t\t\t\t\t\t\t\r\n\t\t\t\r\n\t\t\t<\/div>\r\n\t\t\t\t\t<div class=\"page\" data-page=\"1\">\r\n\t\t\t\t\r\n\t\t\t\t\t\t\t\t\t\r\n\t\t\t\t\t\t\t\t\t\r\n\t\t\t\t\t\t\r\n\t\t\t\t\t\t<img decoding=\"async\" src=\"https:\/\/www.pk-vision.ch\/wp-content\/uploads\/2-994x1024.jpg\" alt=\"https:\/\/www.pk-vision.ch\/wp-content\/uploads\/2-994x1024.jpg\"\/>\r\n\t\t\t\t\t\t\r\n\t\t\t\t\r\n\t\t\t\t\t\t\t\t\r\n\t\t\t\r\n\t\t\t<\/div>\r\n\t\t\t\t\t<div class=\"page\" data-page=\"2\">\r\n\t\t\t\t\r\n\t\t\t\t\t\t\t\t\t\r\n\t\t\t\t\t\t\t\t\t\r\n\t\t\t\t\t\t\r\n\t\t\t\t\t\t<img decoding=\"async\" src=\"https:\/\/www.pk-vision.ch\/wp-content\/uploads\/3-987x1024.jpg\" alt=\"https:\/\/www.pk-vision.ch\/wp-content\/uploads\/3-987x1024.jpg\"\/>\r\n\t\t\t\t\t\t\r\n\t\t\t\t\r\n\t\t\t\t\t\t\t\t\r\n\t\t\t\r\n\t\t\t<\/div>\r\n\t\t\t\t\t<div class=\"page\" data-page=\"3\">\r\n\t\t\t\t\r\n\t\t\t\t\t\t\t\t\t\r\n\t\t\t\t\t\t\t\t\t\r\n\t\t\t\t\t\t\r\n\t\t\t\t\t\t<img decoding=\"async\" src=\"https:\/\/www.pk-vision.ch\/wp-content\/uploads\/4-985x1024.jpg\" alt=\"https:\/\/www.pk-vision.ch\/wp-content\/uploads\/4-985x1024.jpg\"\/>\r\n\t\t\t\t\t\t\r\n\t\t\t\t\r\n\t\t\t\t\t\t\t\t\r\n\t\t\t\r\n\t\t\t<\/div>\r\n\t\t\t\t\t<div class=\"page\" data-page=\"4\">\r\n\t\t\t\t\r\n\t\t\t\t\t\t\t\t\t\r\n\t\t\t\t\t\t\t\t\t\r\n\t\t\t\t\t\t\r\n\t\t\t\t\t\t<img decoding=\"async\" src=\"https:\/\/www.pk-vision.ch\/wp-content\/uploads\/5-985x1024.jpg\" alt=\"https:\/\/www.pk-vision.ch\/wp-content\/uploads\/5-985x1024.jpg\"\/>\r\n\t\t\t\t\t\t\r\n\t\t\t\t\r\n\t\t\t\t\t\t\t\t\r\n\t\t\t\r\n\t\t\t<\/div>\r\n\t\t\t\t\t<div class=\"page\" data-page=\"5\">\r\n\t\t\t\t\r\n\t\t\t\t\t\t\t\t\t\r\n\t\t\t\t\t\t\t\t\t\r\n\t\t\t\t\t\t\r\n\t\t\t\t\t\t<img decoding=\"async\" src=\"https:\/\/www.pk-vision.ch\/wp-content\/uploads\/6-989x1024.jpg\" alt=\"https:\/\/www.pk-vision.ch\/wp-content\/uploads\/6-989x1024.jpg\"\/>\r\n\t\t\t\t\t\t\r\n\t\t\t\t\r\n\t\t\t\t\t\t\t\t\r\n\t\t\t\r\n\t\t\t<\/div>\r\n\t\t\t\t\t<div class=\"page\" data-page=\"6\">\r\n\t\t\t\t\r\n\t\t\t\t\t\t\t\t\t\r\n\t\t\t\t\t\t\t\t\t\r\n\t\t\t\t\t\t\r\n\t\t\t\t\t\t<img decoding=\"async\" src=\"https:\/\/www.pk-vision.ch\/wp-content\/uploads\/7-996x1024.jpg\" alt=\"https:\/\/www.pk-vision.ch\/wp-content\/uploads\/7-996x1024.jpg\"\/>\r\n\t\t\t\t\t\t\r\n\t\t\t\t\r\n\t\t\t\t\t\t\t\t\r\n\t\t\t\r\n\t\t\t<\/div>\r\n\t\t\t\t\t<div class=\"page\" data-page=\"7\">\r\n\t\t\t\t\r\n\t\t\t\t\t\t\t\t\t\r\n\t\t\t\t\t\t\t\t\t\r\n\t\t\t\t\t\t\r\n\t\t\t\t\t\t<img decoding=\"async\" src=\"https:\/\/www.pk-vision.ch\/wp-content\/uploads\/8-996x1024.jpg\" alt=\"https:\/\/www.pk-vision.ch\/wp-content\/uploads\/8-996x1024.jpg\"\/>\r\n\t\t\t\t\t\t\r\n\t\t\t\t\r\n\t\t\t\t\t\t\t\t\r\n\t\t\t\r\n\t\t\t<\/div>\r\n\t\t\t\t\t<div class=\"page\" data-page=\"8\">\r\n\t\t\t\t\r\n\t\t\t\t\t\t\t\t\t\r\n\t\t\t\t\t\t\t\t\t\r\n\t\t\t\t\t\t\r\n\t\t\t\t\t\t<img decoding=\"async\" src=\"https:\/\/www.pk-vision.ch\/wp-content\/uploads\/9-996x1024.jpg\" alt=\"https:\/\/www.pk-vision.ch\/wp-content\/uploads\/9-996x1024.jpg\"\/>\r\n\t\t\t\t\t\t\r\n\t\t\t\t\r\n\t\t\t\t\t\t\t\t\r\n\t\t\t\r\n\t\t\t<\/div>\r\n\t\t\t\t\t<div class=\"page\" data-page=\"9\">\r\n\t\t\t\t\r\n\t\t\t\t\t\t\t\t\t\r\n\t\t\t\t\t\t\t\t\t\r\n\t\t\t\t\t\t\r\n\t\t\t\t\t\t<img decoding=\"async\" src=\"https:\/\/www.pk-vision.ch\/wp-content\/uploads\/63-996x1024.jpg\" alt=\"https:\/\/www.pk-vision.ch\/wp-content\/uploads\/63-996x1024.jpg\"\/>\r\n\t\t\t\t\t\t\r\n\t\t\t\t\r\n\t\t\t\t\t\t\t\t\r\n\t\t\t\r\n\t\t\t<\/div>\r\n\t\t\t\t\t<div class=\"page\" data-page=\"10\">\r\n\t\t\t\t\r\n\t\t\t\t\t\t\t\t\t\r\n\t\t\t\t\t\t\t\t\t\r\n\t\t\t\t\t\t\r\n\t\t\t\t\t\t<img decoding=\"async\" src=\"https:\/\/www.pk-vision.ch\/wp-content\/uploads\/10-996x1024.jpg\" alt=\"https:\/\/www.pk-vision.ch\/wp-content\/uploads\/10-996x1024.jpg\"\/>\r\n\t\t\t\t\t\t\r\n\t\t\t\t\r\n\t\t\t\t\t\t\t\t\r\n\t\t\t\r\n\t\t\t<\/div>\r\n\t\t\t\t\t<div class=\"page\" data-page=\"11\">\r\n\t\t\t\t\r\n\t\t\t\t\t\t\t\t\t\r\n\t\t\t\t\t\t\t\t\t\r\n\t\t\t\t\t\t\r\n\t\t\t\t\t\t<img decoding=\"async\" src=\"https:\/\/www.pk-vision.ch\/wp-content\/uploads\/63-996x1024.jpg\" alt=\"https:\/\/www.pk-vision.ch\/wp-content\/uploads\/63-996x1024.jpg\"\/>\r\n\t\t\t\t\t\t\r\n\t\t\t\t\r\n\t\t\t\t\t\t\t\t\r\n\t\t\t\r\n\t\t\t<\/div>\r\n\t\t\t<\/div>\r\n\t\t\t<div class=\"wp-booklet-thumbs-light wp-booklet-thumbs wp-booklet-69e13c780cbee-thumbs\" dir=\"ltr\">\r\n\t\t\t<div class=\"wp-booklet-carousel\" data-wpbookletcarousel=\"true\">\r\n\t\t\t\t<ul>\r\n\t\t\t\t\t\t\t\t\t\t\t<li data-page=\"0\">\r\n\t\t\t\t\t\t\t<a>\r\n\t\t\t\t\t\t\t\t<img decoding=\"async\" src=\"https:\/\/www.pk-vision.ch\/wp-content\/uploads\/1-288x300.jpg\" alt=\"https:\/\/www.pk-vision.ch\/wp-content\/uploads\/1-288x300.jpg\"\/>\r\n\t\t\t\t\t\t\t<\/a>\r\n\t\t\t\t\t\t<\/li>\r\n\t\t\t\t\t\t\t\t\t\t\t<li data-page=\"1\">\r\n\t\t\t\t\t\t\t<a>\r\n\t\t\t\t\t\t\t\t<img decoding=\"async\" src=\"https:\/\/www.pk-vision.ch\/wp-content\/uploads\/2-291x300.jpg\" alt=\"https:\/\/www.pk-vision.ch\/wp-content\/uploads\/2-291x300.jpg\"\/>\r\n\t\t\t\t\t\t\t<\/a>\r\n\t\t\t\t\t\t<\/li>\r\n\t\t\t\t\t\t\t\t\t\t\t<li data-page=\"2\">\r\n\t\t\t\t\t\t\t<a>\r\n\t\t\t\t\t\t\t\t<img decoding=\"async\" src=\"https:\/\/www.pk-vision.ch\/wp-content\/uploads\/3-289x300.jpg\" alt=\"https:\/\/www.pk-vision.ch\/wp-content\/uploads\/3-289x300.jpg\"\/>\r\n\t\t\t\t\t\t\t<\/a>\r\n\t\t\t\t\t\t<\/li>\r\n\t\t\t\t\t\t\t\t\t\t\t<li data-page=\"3\">\r\n\t\t\t\t\t\t\t<a>\r\n\t\t\t\t\t\t\t\t<img decoding=\"async\" src=\"https:\/\/www.pk-vision.ch\/wp-content\/uploads\/4-289x300.jpg\" alt=\"https:\/\/www.pk-vision.ch\/wp-content\/uploads\/4-289x300.jpg\"\/>\r\n\t\t\t\t\t\t\t<\/a>\r\n\t\t\t\t\t\t<\/li>\r\n\t\t\t\t\t\t\t\t\t\t\t<li data-page=\"4\">\r\n\t\t\t\t\t\t\t<a>\r\n\t\t\t\t\t\t\t\t<img decoding=\"async\" src=\"https:\/\/www.pk-vision.ch\/wp-content\/uploads\/5-289x300.jpg\" alt=\"https:\/\/www.pk-vision.ch\/wp-content\/uploads\/5-289x300.jpg\"\/>\r\n\t\t\t\t\t\t\t<\/a>\r\n\t\t\t\t\t\t<\/li>\r\n\t\t\t\t\t\t\t\t\t\t\t<li data-page=\"5\">\r\n\t\t\t\t\t\t\t<a>\r\n\t\t\t\t\t\t\t\t<img decoding=\"async\" src=\"https:\/\/www.pk-vision.ch\/wp-content\/uploads\/6-290x300.jpg\" alt=\"https:\/\/www.pk-vision.ch\/wp-content\/uploads\/6-290x300.jpg\"\/>\r\n\t\t\t\t\t\t\t<\/a>\r\n\t\t\t\t\t\t<\/li>\r\n\t\t\t\t\t\t\t\t\t\t\t<li data-page=\"6\">\r\n\t\t\t\t\t\t\t<a>\r\n\t\t\t\t\t\t\t\t<img decoding=\"async\" src=\"https:\/\/www.pk-vision.ch\/wp-content\/uploads\/7-292x300.jpg\" alt=\"https:\/\/www.pk-vision.ch\/wp-content\/uploads\/7-292x300.jpg\"\/>\r\n\t\t\t\t\t\t\t<\/a>\r\n\t\t\t\t\t\t<\/li>\r\n\t\t\t\t\t\t\t\t\t\t\t<li data-page=\"7\">\r\n\t\t\t\t\t\t\t<a>\r\n\t\t\t\t\t\t\t\t<img decoding=\"async\" src=\"https:\/\/www.pk-vision.ch\/wp-content\/uploads\/8-292x300.jpg\" alt=\"https:\/\/www.pk-vision.ch\/wp-content\/uploads\/8-292x300.jpg\"\/>\r\n\t\t\t\t\t\t\t<\/a>\r\n\t\t\t\t\t\t<\/li>\r\n\t\t\t\t\t\t\t\t\t\t\t<li data-page=\"8\">\r\n\t\t\t\t\t\t\t<a>\r\n\t\t\t\t\t\t\t\t<img decoding=\"async\" src=\"https:\/\/www.pk-vision.ch\/wp-content\/uploads\/9-292x300.jpg\" alt=\"https:\/\/www.pk-vision.ch\/wp-content\/uploads\/9-292x300.jpg\"\/>\r\n\t\t\t\t\t\t\t<\/a>\r\n\t\t\t\t\t\t<\/li>\r\n\t\t\t\t\t\t\t\t\t\t\t<li data-page=\"9\">\r\n\t\t\t\t\t\t\t<a>\r\n\t\t\t\t\t\t\t\t<img decoding=\"async\" src=\"https:\/\/www.pk-vision.ch\/wp-content\/uploads\/63-292x300.jpg\" alt=\"https:\/\/www.pk-vision.ch\/wp-content\/uploads\/63-292x300.jpg\"\/>\r\n\t\t\t\t\t\t\t<\/a>\r\n\t\t\t\t\t\t<\/li>\r\n\t\t\t\t\t\t\t\t\t\t\t<li data-page=\"10\">\r\n\t\t\t\t\t\t\t<a>\r\n\t\t\t\t\t\t\t\t<img decoding=\"async\" src=\"https:\/\/www.pk-vision.ch\/wp-content\/uploads\/10-292x300.jpg\" alt=\"https:\/\/www.pk-vision.ch\/wp-content\/uploads\/10-292x300.jpg\"\/>\r\n\t\t\t\t\t\t\t<\/a>\r\n\t\t\t\t\t\t<\/li>\r\n\t\t\t\t\t\t\t\t\t\t\t<li data-page=\"11\">\r\n\t\t\t\t\t\t\t<a>\r\n\t\t\t\t\t\t\t\t<img decoding=\"async\" src=\"https:\/\/www.pk-vision.ch\/wp-content\/uploads\/63-292x300.jpg\" alt=\"https:\/\/www.pk-vision.ch\/wp-content\/uploads\/63-292x300.jpg\"\/>\r\n\t\t\t\t\t\t\t<\/a>\r\n\t\t\t\t\t\t<\/li>\r\n\t\t\t\t\t\t\t\t\t<\/ul>\r\n\t\t\t<\/div>\r\n\t\t\t<a class=\"wp-booklet-carousel-prev inactive\" href=\"#\" data-wpbookletcarouselcontrol=\"true\"><\/a>\r\n\t\t\t<a class=\"wp-booklet-carousel-next\" href=\"#\" data-wpbookletcarouselcontrol=\"true\"><\/a>\r\n\t\t<\/div>\r\n\t<\/div>\r\n\r\n\r\n<script type=\"text\/javascript\">\r\n\tjQuery(document).ready( function() {\r\n\t\t\r\n\t\tvar bookletContainer = jQuery(\".wp-booklet-69e13c780cbee-container\");\r\n\t\t \r\n\t\tbookletContainer.wpBookletExtended({\r\n\t\t\twidth:2456,\r\n\t\t\theight:2560,\r\n\t\t\tpadding:0,\r\n\t\t\tspeed:2000,\r\n\t\t\tdirection:'LTR',\r\n\t\t\tdelay:5000,\r\n\t\t\tpopupsEnabled:false,\r\n\t\t\tthumbnailsEnabled:true,\r\n\t\t\tarrowsEnabled:true,\r\n\t\t\tpageNumbersEnabled:false,\r\n\t\t\tbookletMargin:45,\r\n\t\t\tthumbnailsContainerMargin:11,\r\n\t\t\tcoverBehavior:\"open\"\r\n\t\t});\r\n\r\n\t});\r\n<\/script>\r\n\n ","protected":false},"excerpt":{"rendered":"<p>Die zentrale Geschichte der Juden im Alten Testament ist sicher der Auszug der Juden aus \u00c4gypten, mit all den einzelnen Vorkommnissen im Palast des Pharaos, der Lebensgeschichte von Moses, den 10 Plagen und am Schluss die Rettung des Volkes Israel durch das gespaltene Meer.<\/p>\n<p>In diesem Buch wird genau diese Geschichte erz\u00e4hlt! Speziell an diesem Buch ist, dass die Geschichte aus der Sicht eines Beteiligten Zuschauers erz\u00e4hlt wird. Jaakov ist ein Esel der im Palast des Pharao aufw\u00e4chst und bei der Bergung des K\u00f6rbchens in dem Moses liegt aus dem Nil dabei ist. Sp\u00e4ter freunden sich Jaakov und Moses an und Jaakov wird zum Dank f\u00fcr seine Arbeiten von seinem Dienst befreit. Er verl\u00e4sst den Palast und findet bei einer j\u00fcdischen Familie Arbeit und Unterkunft. Von hier erlebt er \u2013 auch dank diversen Besuchen im Stall des Palastes \u2013 den Aufstieg und Fall von Moses, seine R\u00fcckkehr und das Ringen um die Befreiung des Volkes Israel. Zum Schluss wandert Jaakov mit \u201aseiner\u2018 Familie aus \u00c4gypten aus und durchquert das gespaltene Meer.<\/p>\n<p>Dieses Buch erz\u00e4hlt die bekannte Geschichte spannend und geeignet f\u00fcr Kinder, erst zum Vorlesen und sp\u00e4ter auch zum Selberlesen. Die detailreichen Zeichnungen sind ein weiteres Plus f\u00fcr dieses Buch. Hier k\u00f6nnen Kinder schauen und immer wieder neues entdecken<\/p>\n","protected":false},"featured_media":212648,"comment_status":"open","ping_status":"closed","template":"","meta":[],"product_brand":[],"product_cat":[60],"product_tag":[],"class_list":{"0":"post-212643","1":"product","2":"type-product","3":"status-publish","4":"has-post-thumbnail","6":"product_cat-buecher","7":"product_shipping_class-fotobuch","9":"first","10":"instock","11":"purchasable","12":"product-type-simple"},"_links":{"self":[{"href":"https:\/\/www.pk-vision.ch\/index.php?rest_route=\/wp\/v2\/product\/212643","targetHints":{"allow":["GET"]}}],"collection":[{"href":"https:\/\/www.pk-vision.ch\/index.php?rest_route=\/wp\/v2\/product"}],"about":[{"href":"https:\/\/www.pk-vision.ch\/index.php?rest_route=\/wp\/v2\/types\/product"}],"replies":[{"embeddable":true,"href":"https:\/\/www.pk-vision.ch\/index.php?rest_route=%2Fwp%2Fv2%2Fcomments&post=212643"}],"wp:featuredmedia":[{"embeddable":true,"href":"https:\/\/www.pk-vision.ch\/index.php?rest_route=\/wp\/v2\/media\/212648"}],"wp:attachment":[{"href":"https:\/\/www.pk-vision.ch\/index.php?rest_route=%2Fwp%2Fv2%2Fmedia&parent=212643"}],"wp:term":[{"taxonomy":"product_brand","embeddable":true,"href":"https:\/\/www.pk-vision.ch\/index.php?rest_route=%2Fwp%2Fv2%2Fproduct_brand&post=212643"},{"taxonomy":"product_cat","embeddable":true,"href":"https:\/\/www.pk-vision.ch\/index.php?rest_route=%2Fwp%2Fv2%2Fproduct_cat&post=212643"},{"taxonomy":"product_tag","embeddable":true,"href":"https:\/\/www.pk-vision.ch\/index.php?rest_route=%2Fwp%2Fv2%2Fproduct_tag&post=212643"}],"curies":[{"name":"wp","href":"https:\/\/api.w.org\/{rel}","templated":true}]}}