{"id":219,"date":"2015-11-22T17:24:57","date_gmt":"2015-11-22T17:24:57","guid":{"rendered":"http:\/\/neu.pk-vision.ch\/?product=elfe-vor-st-alban-tor"},"modified":"2015-11-23T14:41:04","modified_gmt":"2015-11-23T14:41:04","slug":"elfe-vor-st-alban-tor","status":"publish","type":"product","link":"https:\/\/www.pk-vision.ch\/?product=elfe-vor-st-alban-tor","title":{"rendered":"Elfe vor St.Alban Tor"},"content":{"rendered":" ","protected":false},"excerpt":{"rendered":"<p>\u2022 Aufklappbare Karten (A5 zu A6)<br \/>\n\u2022 Kartengr\u00f6sse zusammengeklappt = A6 (105mm x 148mm)<br \/>\n\u2022 Preis pro passendes Couvert: CHF 0.50 pro St\u00fcck<\/p>\n<p>\u2022 Mengenrabatt: ab 100 St\u00fcck des gleichen Motivs, rufen Sie mich bitte an<br \/>\noder senden mir eine E-Mail an info@kargerinfo.com<br \/>\n\u2022 Eindruck eines Logos: ab 50 St\u00fcck des gleichen Motivs, gegen Geb\u00fchr, m\u00f6glich.<br \/>\nRufen Sie mich bitte an oder senden mir eine E-Mail an info@kargerinfo.com<\/p>\n","protected":false},"featured_media":191,"comment_status":"closed","ping_status":"closed","template":"","meta":[],"product_brand":[],"product_cat":[10],"product_tag":[],"class_list":{"0":"post-219","1":"product","2":"type-product","3":"status-publish","4":"has-post-thumbnail","6":"product_cat-weihnachts-jahresendkarten","8":"first","9":"instock","10":"shipping-taxable","11":"purchasable","12":"product-type-simple"},"_links":{"self":[{"href":"https:\/\/www.pk-vision.ch\/index.php?rest_route=\/wp\/v2\/product\/219","targetHints":{"allow":["GET"]}}],"collection":[{"href":"https:\/\/www.pk-vision.ch\/index.php?rest_route=\/wp\/v2\/product"}],"about":[{"href":"https:\/\/www.pk-vision.ch\/index.php?rest_route=\/wp\/v2\/types\/product"}],"replies":[{"embeddable":true,"href":"https:\/\/www.pk-vision.ch\/index.php?rest_route=%2Fwp%2Fv2%2Fcomments&post=219"}],"wp:featuredmedia":[{"embeddable":true,"href":"https:\/\/www.pk-vision.ch\/index.php?rest_route=\/wp\/v2\/media\/191"}],"wp:attachment":[{"href":"https:\/\/www.pk-vision.ch\/index.php?rest_route=%2Fwp%2Fv2%2Fmedia&parent=219"}],"wp:term":[{"taxonomy":"product_brand","embeddable":true,"href":"https:\/\/www.pk-vision.ch\/index.php?rest_route=%2Fwp%2Fv2%2Fproduct_brand&post=219"},{"taxonomy":"product_cat","embeddable":true,"href":"https:\/\/www.pk-vision.ch\/index.php?rest_route=%2Fwp%2Fv2%2Fproduct_cat&post=219"},{"taxonomy":"product_tag","embeddable":true,"href":"https:\/\/www.pk-vision.ch\/index.php?rest_route=%2Fwp%2Fv2%2Fproduct_tag&post=219"}],"curies":[{"name":"wp","href":"https:\/\/api.w.org\/{rel}","templated":true}]}}