{"id":296,"date":"2015-11-23T14:20:10","date_gmt":"2015-11-23T14:20:10","guid":{"rendered":"http:\/\/neu.pk-vision.ch\/?product=engel-im-baumstumpf-2"},"modified":"2015-11-23T14:31:18","modified_gmt":"2015-11-23T14:31:18","slug":"engel-im-baumstumpf-2","status":"publish","type":"product","link":"https:\/\/www.pk-vision.ch\/?product=engel-im-baumstumpf-2","title":{"rendered":"Engel im Baumstumpf"},"content":{"rendered":" ","protected":false},"excerpt":{"rendered":"<p>Karten<br \/>\n\u2022 Aufklappbare Karten (A5 zu A6)<br \/>\n\u2022 Kartengr\u00f6sse zusammengeklappt = A6 (105mm x 148mm)<br \/>\nBestellung<br \/>\n\u2022 Preis pro passendes Couvert: CHF 0.50 pro St\u00fcck<br \/>\n\u2022 Mengenrabatt: ab 100 St\u00fcck des gleichen Motivs, rufen Sie mich bitte an<br \/>\n   oder senden mir eine E-Mail an info@kargerinfo.com<br \/>\n\u2022 Eindruck eines Logos: ab 50 St\u00fcck des gleichen Motivs, gegen Geb\u00fchr, m\u00f6glich.<br \/>\n   Rufen Sie mich bitte an oder senden mir eine E-Mail an info@kargerinfo.com<\/p>\n<p>Bestellung:<br \/>\n\u2022 Online: Anzahl der Karten und Couverts eingeben<br \/>\n\u2022 Telefonisch: 061 303 25 00<br \/>\n\u2022 Per E-Mail an info@kargerinfo.com mit den Angaben:<br \/>\n   eigene Adresse \/ Anzahl pro Kartenname \/ Anzahl Couverts insgesamt \/<br \/>\n   Total in CHF inkl. Versand CHF 1.50)<\/p>\n","protected":false},"featured_media":293,"comment_status":"closed","ping_status":"closed","template":"","meta":[],"product_brand":[],"product_cat":[13],"product_tag":[],"class_list":{"0":"post-296","1":"product","2":"type-product","3":"status-publish","4":"has-post-thumbnail","6":"product_cat-sretna_nova_godina","8":"first","9":"instock","10":"shipping-taxable","11":"purchasable","12":"product-type-simple"},"_links":{"self":[{"href":"https:\/\/www.pk-vision.ch\/index.php?rest_route=\/wp\/v2\/product\/296","targetHints":{"allow":["GET"]}}],"collection":[{"href":"https:\/\/www.pk-vision.ch\/index.php?rest_route=\/wp\/v2\/product"}],"about":[{"href":"https:\/\/www.pk-vision.ch\/index.php?rest_route=\/wp\/v2\/types\/product"}],"replies":[{"embeddable":true,"href":"https:\/\/www.pk-vision.ch\/index.php?rest_route=%2Fwp%2Fv2%2Fcomments&post=296"}],"wp:featuredmedia":[{"embeddable":true,"href":"https:\/\/www.pk-vision.ch\/index.php?rest_route=\/wp\/v2\/media\/293"}],"wp:attachment":[{"href":"https:\/\/www.pk-vision.ch\/index.php?rest_route=%2Fwp%2Fv2%2Fmedia&parent=296"}],"wp:term":[{"taxonomy":"product_brand","embeddable":true,"href":"https:\/\/www.pk-vision.ch\/index.php?rest_route=%2Fwp%2Fv2%2Fproduct_brand&post=296"},{"taxonomy":"product_cat","embeddable":true,"href":"https:\/\/www.pk-vision.ch\/index.php?rest_route=%2Fwp%2Fv2%2Fproduct_cat&post=296"},{"taxonomy":"product_tag","embeddable":true,"href":"https:\/\/www.pk-vision.ch\/index.php?rest_route=%2Fwp%2Fv2%2Fproduct_tag&post=296"}],"curies":[{"name":"wp","href":"https:\/\/api.w.org\/{rel}","templated":true}]}}