{"id":445,"date":"2016-02-01T17:26:22","date_gmt":"2016-02-01T17:26:22","guid":{"rendered":"http:\/\/neu.pk-vision.ch\/?post_type=product&#038;p=445"},"modified":"2020-04-21T11:28:59","modified_gmt":"2020-04-21T11:28:59","slug":"basilia-eine-basiliskin-entdeckt-basel","status":"publish","type":"product","link":"https:\/\/www.pk-vision.ch\/?product=basilia-eine-basiliskin-entdeckt-basel","title":{"rendered":"Basilia. Eine Basiliskin entdeckt Basel"},"content":{"rendered":"<p>Mehr Informationen zum Buch: <a href=\"http:\/\/basilia.pk-vision.ch\/\" target=\"_blank\" rel=\"noopener noreferrer\">http:\/\/basilia.pk-vision.ch\/<\/a><\/p>\n ","protected":false},"excerpt":{"rendered":"<p>&#8211; von Philip Karger<br \/>\n&#8211; 140 Seiten<br \/>\n&#8211; 48 Abbildungen<br \/>\n&#8211; ISBN 978\u20133\u2013033\u201305055\u20136<\/p>\n<p>Mehr Informationen zum Buch: <a href=\"http:\/\/basilia.pk-vision.ch\/\" target=\"_blank\" rel=\"noopener noreferrer\">http:\/\/basilia.pk-vision.ch\/<\/a><\/p>\n<p>Das Buch handelt von einer Basiliskin, die in der heutigen Zeit in Basel auftaucht. Ratten und M\u00e4use finden unter dem Gerberbrunnen ein blaues Ei und br\u00fcten es aus. Aus dem Ei schl\u00fcpft ein Basilisk der schnell w\u00e4chst und darum an die Oberfl\u00e4che muss. Eine alte Rate schickt die Basiliskin zu einer Kauzdame die in einem Baum am Petersplatz wohnt. Diese nimmt sich der Basil ist Kind an, die ihre Verwandten in der Stadt Basel kennenlernen will. Zusammen machen sie einen Plan, wie die Basiliskin alle Basiliskenbilder, -brunnen, -reliefs usw. in der Stadt besuchen kann. Beim zweiten Besuch eines Basilisken findet Basilia \u2013 so heisst die Basiliskin &#8211; heraus, dass der besuchte Basilisk zum Leben erweckt wird, wenn sie ihn mit der Zunge ber\u00fchrt. Als Gegenleistung das der jeweils erweckte Basilisk losfliegen und seine Freiheit f\u00fcr eine Nacht geniessen kann, muss er erz\u00e4hlen, was an seinem Standort spezielles ist wie zum Beispiel Strassen- oder Quartiernamen, spezielle Geb\u00e4ude, Geschehnisse usw. so erf\u00e4hrt die Leserschaft spielerisch einiges \u00fcber Basel und seine Geschichte.<br \/>\nZum Buch gibt es auch eine <a href=\"http:\/\/basilia.pk-vision.ch\"> Internetseite<\/a>. Hier gibt es unter anderen Informationen eine Karte (Buch ist auch eine solche enthalten) auf der alle besuchten Basilisken verzeichnet sind. Ebenfalls gibt es eine M\u00f6glichkeit Basilisken zu melden, die der Autor nicht gefunden hat. Es sind bereits einige neue Orte aufgetaucht und der Autor freut sich \u00fcber jede Meldung.<\/p>\n","protected":false},"featured_media":450,"comment_status":"open","ping_status":"closed","template":"","meta":[],"product_brand":[],"product_cat":[15,60],"product_tag":[],"class_list":{"0":"post-445","1":"product","2":"type-product","3":"status-publish","4":"has-post-thumbnail","6":"product_cat-basilia-eine-basiliskin-besucht-basel","7":"product_cat-buecher","8":"product_shipping_class-basilia","10":"first","11":"instock","12":"shipping-taxable","13":"purchasable","14":"product-type-simple"},"_links":{"self":[{"href":"https:\/\/www.pk-vision.ch\/index.php?rest_route=\/wp\/v2\/product\/445","targetHints":{"allow":["GET"]}}],"collection":[{"href":"https:\/\/www.pk-vision.ch\/index.php?rest_route=\/wp\/v2\/product"}],"about":[{"href":"https:\/\/www.pk-vision.ch\/index.php?rest_route=\/wp\/v2\/types\/product"}],"replies":[{"embeddable":true,"href":"https:\/\/www.pk-vision.ch\/index.php?rest_route=%2Fwp%2Fv2%2Fcomments&post=445"}],"wp:featuredmedia":[{"embeddable":true,"href":"https:\/\/www.pk-vision.ch\/index.php?rest_route=\/wp\/v2\/media\/450"}],"wp:attachment":[{"href":"https:\/\/www.pk-vision.ch\/index.php?rest_route=%2Fwp%2Fv2%2Fmedia&parent=445"}],"wp:term":[{"taxonomy":"product_brand","embeddable":true,"href":"https:\/\/www.pk-vision.ch\/index.php?rest_route=%2Fwp%2Fv2%2Fproduct_brand&post=445"},{"taxonomy":"product_cat","embeddable":true,"href":"https:\/\/www.pk-vision.ch\/index.php?rest_route=%2Fwp%2Fv2%2Fproduct_cat&post=445"},{"taxonomy":"product_tag","embeddable":true,"href":"https:\/\/www.pk-vision.ch\/index.php?rest_route=%2Fwp%2Fv2%2Fproduct_tag&post=445"}],"curies":[{"name":"wp","href":"https:\/\/api.w.org\/{rel}","templated":true}]}}